{"id":30644,"date":"2025-12-16T08:27:03","date_gmt":"2025-12-16T08:27:03","guid":{"rendered":"https:\/\/alfatasarim.net\/adainsaat\/?page_id=30644"},"modified":"2026-03-10T10:36:43","modified_gmt":"2026-03-10T10:36:43","slug":"uluslararasi","status":"publish","type":"page","link":"https:\/\/www.adainsaat.com\/index.php\/uluslararasi\/","title":{"rendered":"Uluslararas\u0131"},"content":{"rendered":"\t\t<div data-elementor-type=\"wp-page\" data-elementor-id=\"30644\" class=\"elementor elementor-30644\" data-elementor-post-type=\"page\">\n\t\t\t\t\r\n\t\t<div class=\"default no-position show_shadow rs-sticky-default elementor-element elementor-element-6835395 e-flex e-con-boxed e-con e-parent\" data-id=\"6835395\" data-element_type=\"container\">\n\t\t\t\t\t<div class=\"e-con-inner\">\n\t\t\r\n\t\t\t\t<div class=\"elementor-element elementor-element-58c6852 elementor-widget elementor-widget-rs-heading\" data-id=\"58c6852\" data-element_type=\"widget\" data-widget_type=\"rs-heading.default\">\n\t\t\t\t<div class=\"elementor-widget-container\">\n\t\t\t\t\t\n\t\t<div class=\"prelements-heading style1  \">\n\t\t\t<div class=\"title-inner\">\n\t\t\t\t<h2 class=\"title rs-split-text-disable \">K\u00fcresel Varl\u0131\u011f\u0131m\u0131z<\/h2>\n\t\t\t<\/div>\n\t\t\t\t\t\t\t<div class=\"description\">\n\t\t\t\t\t<div class=\"flex items-center justify-center gap-3 mb-6\" data-replit-metadata=\"client\/src\/components\/GlobalPresenceMap.tsx:161:10\" data-component-name=\"div\"><p class=\"font-heading text-3xl md:text-4xl lg:text-5xl font-bold text-foreground tracking-tight\" data-replit-metadata=\"client\/src\/components\/GlobalPresenceMap.tsx:163:12\" data-component-name=\"h2\" data-testid=\"text-global-presence-title\"><span style=\"font-size: 16px\">D\u00f6rt \u00fclkede yerel uzmanl\u0131k ve k\u00fcresel standartlarla hizmet veriyoruz<\/span><\/p><\/div>\t\t\t\t<\/div>\n\t\t\t\t\t<\/div>\n\t\t\t\t<\/div>\n\t\t\t\t<\/div>\n\t\t\r\n\t\t\t\t<div class=\"elementor-element elementor-element-72f4928 elementor-widget elementor-widget-rs-hotspot\" data-id=\"72f4928\" data-element_type=\"widget\" data-widget_type=\"rs-hotspot.default\">\n\t\t\t\t<div class=\"elementor-widget-container\">\n\t\t\t\t\t        <div class=\"rs-hotspots\">\n                            <img decoding=\"async\" src=\"https:\/\/alfatasarim.net\/adainsaat\/wp-content\/uploads\/2025\/12\/Ekran-goruntusu-2025-12-16-121814.png\" alt=\"image\">\n                        \n                <div class=\"desktop_item elementor-repeater-item-7c80c6e\">\n                \t<div class=\"rs-hotspot-item hotspot__1\">\n                \t    <div  class=\"rs-hots-figure\">                            \n                                                        \n                                                                    <div class=\"pre-title\">\n                                        <h4 class=\"title\"> Toronto, Kanada <\/h4>                                    \n                                    <\/div>\n                                                            \n                \t        <!-- Start Description -->\n                                                \t                                                    \t        <!-- End Description -->\n                \t    <\/div>\n                        <div class=\"pre-circle-ripple\"><\/div>\n                \t<\/div>\n                <\/div>\n                \n                <div class=\"mobile_item elementor-repeater-item-7c80c6e\">\n                    <i class=\"remove-icon ri-close-line\"><\/i>\n                                                \n                                                    <div class=\"pre-title\">\n                                <h4 class=\"title\"> Toronto, Kanada <\/h4>                                    \n                            <\/div>\n                                                                                                                            <\/div>\n            \n                <div class=\"desktop_item elementor-repeater-item-a575e04\">\n                \t<div class=\"rs-hotspot-item hotspot__2\">\n                \t    <div  class=\"rs-hots-figure\">                            \n                                                        \n                                                                    <div class=\"pre-title\">\n                                        <h4 class=\"title\"> Miami, Amerika Birle\u015fik Devletleri <\/h4>                                    \n                                    <\/div>\n                                                            \n                \t        <!-- Start Description -->\n                                                \t                                                    \t        <!-- End Description -->\n                \t    <\/div>\n                        <div class=\"pre-circle-ripple\"><\/div>\n                \t<\/div>\n                <\/div>\n                \n                <div class=\"mobile_item elementor-repeater-item-a575e04\">\n                    <i class=\"remove-icon ri-close-line\"><\/i>\n                                                \n                                                    <div class=\"pre-title\">\n                                <h4 class=\"title\"> Miami, Amerika Birle\u015fik Devletleri <\/h4>                                    \n                            <\/div>\n                                                                                                                            <\/div>\n            \n                <div class=\"desktop_item elementor-repeater-item-fe4e599\">\n                \t<div class=\"rs-hotspot-item hotspot__3\">\n                \t    <div  class=\"rs-hots-figure\">                            \n                                                        \n                                                                    <div class=\"pre-title\">\n                                        <h4 class=\"title\"> \u0130stanbul, T\u00fcrkiye <\/h4>                                    \n                                    <\/div>\n                                                            \n                \t        <!-- Start Description -->\n                                                \t                                                    \t        <!-- End Description -->\n                \t    <\/div>\n                        <div class=\"pre-circle-ripple\"><\/div>\n                \t<\/div>\n                <\/div>\n                \n                <div class=\"mobile_item elementor-repeater-item-fe4e599\">\n                    <i class=\"remove-icon ri-close-line\"><\/i>\n                                                \n                                                    <div class=\"pre-title\">\n                                <h4 class=\"title\"> \u0130stanbul, T\u00fcrkiye <\/h4>                                    \n                            <\/div>\n                                                                                                                            <\/div>\n            \n                <div class=\"desktop_item elementor-repeater-item-8b1ad8b\">\n                \t<div class=\"rs-hotspot-item hotspot__4\">\n                \t    <div  class=\"rs-hots-figure\">                            \n                                                        \n                                                                    <div class=\"pre-title\">\n                                        <h4 class=\"title\"> Kahire, M\u0131s\u0131r <\/h4>                                    \n                                    <\/div>\n                                                            \n                \t        <!-- Start Description -->\n                                                \t                                                    \t        <!-- End Description -->\n                \t    <\/div>\n                        <div class=\"pre-circle-ripple\"><\/div>\n                \t<\/div>\n                <\/div>\n                \n                <div class=\"mobile_item elementor-repeater-item-8b1ad8b\">\n                    <i class=\"remove-icon ri-close-line\"><\/i>\n                                                \n                                                    <div class=\"pre-title\">\n                                <h4 class=\"title\"> Kahire, M\u0131s\u0131r <\/h4>                                    \n                            <\/div>\n                                                                                                                            <\/div>\n             \n        <\/div>\n\n        <script>\n            jQuery(document).ready(function() {\n                jQuery('.desktop_item').each(function(index) {\n                    var uniqueClass = 'desktop_item-' + index;\n                    jQuery(this).addClass(uniqueClass);\n                    var parentHotspots = jQuery(this).closest('.rs-hotspots');\n                    var targetMobileItem = parentHotspots.find('.mobile_item').eq(index);\n                    jQuery(this).click(function() {\n                        if (targetMobileItem.hasClass('active')) {\n                            targetMobileItem.removeClass('active');\n                        } else {\n                            parentHotspots.find('.mobile_item.active').removeClass('active');\n                            targetMobileItem.addClass('active');\n                        }\n                    });\n                    parentHotspots.on('click', '.remove-icon', function(event) {\n                        event.stopPropagation();\n                        targetMobileItem.removeClass('active');\n                    });\n                });\n\n                \/\/ Ripple Class Switching\n                var switches = jQuery('.rs-hotspots .desktop_item');\n                var currentIndex = 0;\n                var interval;\n                var speed = 1500;\n\n                function startRotation() {\n                    interval = setInterval(function() {\n                        switches.eq(currentIndex).removeClass('ripple');\n                        currentIndex = (currentIndex + 1) % switches.length;\n                        switches.eq(currentIndex).addClass('ripple');\n                    }, speed);\n                }\n                function stopRotation() {\n                    clearInterval(interval);\n                    switches.eq(currentIndex).removeClass('ripple');\n                }\n                startRotation();\n                switches.hover(\n                    function() {\n                        stopRotation();\n                    },\n                    function() {\n                        startRotation();\n                    }\n                );\n            });\n        <\/script>\n\n\n    \t\t\t\t<\/div>\n\t\t\t\t<\/div>\n\t\t\t\t\t<\/div>\n\t\t\t\t<\/div>\n\t\t\r\n\t\t<div class=\"default no-position show_shadow rs-sticky-default elementor-element elementor-element-b55d4c7 e-flex e-con-boxed e-con e-parent\" data-id=\"b55d4c7\" data-element_type=\"container\">\n\t\t\t\t\t<div class=\"e-con-inner\">\n\t\t\r\n\t\t<div class=\"default no-position show_shadow rs-sticky-default elementor-element elementor-element-3aff839 e-con-full e-flex e-con e-child\" data-id=\"3aff839\" data-element_type=\"container\" data-settings=\"{&quot;background_background&quot;:&quot;classic&quot;}\">\n\t\t\r\n\t\t\t\t<div class=\"elementor-element elementor-element-833cb41 elementor-widget elementor-widget-spacer\" data-id=\"833cb41\" data-element_type=\"widget\" data-widget_type=\"spacer.default\">\n\t\t\t\t\t\t\t<div class=\"elementor-spacer\">\n\t\t\t<div class=\"elementor-spacer-inner\"><\/div>\n\t\t<\/div>\n\t\t\t\t\t\t<\/div>\n\t\t\r\n\t\t\t\t<div class=\"elementor-element elementor-element-f65dc69 elementor-position-top elementor-widget elementor-widget-image-box\" data-id=\"f65dc69\" data-element_type=\"widget\" data-widget_type=\"image-box.default\">\n\t\t\t\t\t<div class=\"elementor-image-box-wrapper\"><figure class=\"elementor-image-box-img\"><a href=\"#\" tabindex=\"-1\"><img decoding=\"async\" width=\"289\" height=\"169\" src=\"https:\/\/www.adainsaat.com\/wp-content\/uploads\/2025\/12\/c1.webp\" class=\"attachment-full size-full wp-image-30535\" alt=\"\" \/><\/a><\/figure><div class=\"elementor-image-box-content\"><h3 class=\"elementor-image-box-title\"><a href=\"#\">T\u00dcRK\u0130YE<\/a><\/h3><p class=\"elementor-image-box-description\">ADA \u0130N\u015eAAT<\/p><\/div><\/div>\t\t\t\t<\/div>\n\t\t\r\n\t\t\t\t<div class=\"elementor-element elementor-element-81f063e elementor-widget elementor-widget-rs-button\" data-id=\"81f063e\" data-element_type=\"widget\" data-widget_type=\"rs-button.default\">\n\t\t\t\t<div class=\"elementor-widget-container\">\n\t\t\t\t\t\t\t<div class=\"rs-button style3\">\r\n\t\t\t\t\t\t<a class=\"rs-btn\" href=\"https:\/\/www.adainsaat.com\/\" >\t\r\n\t\t\t\t<span>Web sitesini ziyaret et \r\n\t\t\t\t\t\t\t\t<\/span>\r\n\t\t\t<\/a>\r\n\t\t<\/div>\r\n\t\t\t\t<\/div>\n\t\t\t\t<\/div>\n\t\t\t\t<\/div>\n\t\t\r\n\t\t<div class=\"default no-position show_shadow rs-sticky-default elementor-element elementor-element-078c34e e-con-full e-flex e-con e-child\" data-id=\"078c34e\" data-element_type=\"container\" data-settings=\"{&quot;background_background&quot;:&quot;classic&quot;}\">\n\t\t\r\n\t\t\t\t<div class=\"elementor-element elementor-element-c3411e8 elementor-widget elementor-widget-spacer\" data-id=\"c3411e8\" data-element_type=\"widget\" data-widget_type=\"spacer.default\">\n\t\t\t\t\t\t\t<div class=\"elementor-spacer\">\n\t\t\t<div class=\"elementor-spacer-inner\"><\/div>\n\t\t<\/div>\n\t\t\t\t\t\t<\/div>\n\t\t\r\n\t\t\t\t<div class=\"elementor-element elementor-element-d5e1c42 elementor-position-top elementor-widget elementor-widget-image-box\" data-id=\"d5e1c42\" data-element_type=\"widget\" data-widget_type=\"image-box.default\">\n\t\t\t\t\t<div class=\"elementor-image-box-wrapper\"><figure class=\"elementor-image-box-img\"><a href=\"#\" tabindex=\"-1\"><img decoding=\"async\" width=\"289\" height=\"169\" src=\"https:\/\/www.adainsaat.com\/wp-content\/uploads\/2025\/12\/c1r.webp\" class=\"attachment-full size-full wp-image-30533\" alt=\"\" \/><\/a><\/figure><div class=\"elementor-image-box-content\"><h3 class=\"elementor-image-box-title\"><a href=\"#\">AMER\u0130KA B\u0130RLE\u015e\u0130K DEVLETLER\u0130<\/a><\/h3><p class=\"elementor-image-box-description\">Pineapple Construction Services<\/p><\/div><\/div>\t\t\t\t<\/div>\n\t\t\r\n\t\t\t\t<div class=\"elementor-element elementor-element-451cdca elementor-widget elementor-widget-rs-button\" data-id=\"451cdca\" data-element_type=\"widget\" data-widget_type=\"rs-button.default\">\n\t\t\t\t<div class=\"elementor-widget-container\">\n\t\t\t\t\t\t\t<div class=\"rs-button style3\">\r\n\t\t\t\t\t\t<a class=\"rs-btn\" href=\"https:\/\/www.papplecs.com\/\" >\t\r\n\t\t\t\t<span>Web sitesini ziyaret et \r\n\t\t\t\t\t\t\t\t<\/span>\r\n\t\t\t<\/a>\r\n\t\t<\/div>\r\n\t\t\t\t<\/div>\n\t\t\t\t<\/div>\n\t\t\t\t<\/div>\n\t\t\r\n\t\t<div class=\"default no-position show_shadow rs-sticky-default elementor-element elementor-element-cc0a30b e-con-full e-flex e-con e-child\" data-id=\"cc0a30b\" data-element_type=\"container\" data-settings=\"{&quot;background_background&quot;:&quot;classic&quot;}\">\n\t\t\r\n\t\t\t\t<div class=\"elementor-element elementor-element-955d6a3 elementor-widget elementor-widget-spacer\" data-id=\"955d6a3\" data-element_type=\"widget\" data-widget_type=\"spacer.default\">\n\t\t\t\t\t\t\t<div class=\"elementor-spacer\">\n\t\t\t<div class=\"elementor-spacer-inner\"><\/div>\n\t\t<\/div>\n\t\t\t\t\t\t<\/div>\n\t\t\r\n\t\t\t\t<div class=\"elementor-element elementor-element-690c3a6 elementor-position-top elementor-widget elementor-widget-image-box\" data-id=\"690c3a6\" data-element_type=\"widget\" data-widget_type=\"image-box.default\">\n\t\t\t\t\t<div class=\"elementor-image-box-wrapper\"><figure class=\"elementor-image-box-img\"><a href=\"#\" tabindex=\"-1\"><img decoding=\"async\" width=\"289\" height=\"169\" src=\"https:\/\/www.adainsaat.com\/wp-content\/uploads\/2025\/12\/c13.webp\" class=\"attachment-full size-full wp-image-30534\" alt=\"\" \/><\/a><\/figure><div class=\"elementor-image-box-content\"><h3 class=\"elementor-image-box-title\"><a href=\"#\">KANADA<\/a><\/h3><p class=\"elementor-image-box-description\">\nProtechnic Construction<\/p><\/div><\/div>\t\t\t\t<\/div>\n\t\t\r\n\t\t\t\t<div class=\"elementor-element elementor-element-493e3d6 elementor-widget elementor-widget-rs-button\" data-id=\"493e3d6\" data-element_type=\"widget\" data-widget_type=\"rs-button.default\">\n\t\t\t\t<div class=\"elementor-widget-container\">\n\t\t\t\t\t\t\t<div class=\"rs-button style3\">\r\n\t\t\t\t\t\t<a class=\"rs-btn\" href=\"https:\/\/www.protechnic.ca\/\" >\t\r\n\t\t\t\t<span>Web sitesini ziyaret et \r\n\t\t\t\t\t\t\t\t<\/span>\r\n\t\t\t<\/a>\r\n\t\t<\/div>\r\n\t\t\t\t<\/div>\n\t\t\t\t<\/div>\n\t\t\t\t<\/div>\n\t\t\r\n\t\t<div class=\"default no-position show_shadow rs-sticky-default elementor-element elementor-element-e41bcf8 e-con-full e-flex e-con e-child\" data-id=\"e41bcf8\" data-element_type=\"container\" data-settings=\"{&quot;background_background&quot;:&quot;classic&quot;}\">\n\t\t\r\n\t\t\t\t<div class=\"elementor-element elementor-element-9e8e046 elementor-widget elementor-widget-spacer\" data-id=\"9e8e046\" data-element_type=\"widget\" data-widget_type=\"spacer.default\">\n\t\t\t\t\t\t\t<div class=\"elementor-spacer\">\n\t\t\t<div class=\"elementor-spacer-inner\"><\/div>\n\t\t<\/div>\n\t\t\t\t\t\t<\/div>\n\t\t\r\n\t\t\t\t<div class=\"elementor-element elementor-element-65f02e3 elementor-position-top elementor-widget elementor-widget-image-box\" data-id=\"65f02e3\" data-element_type=\"widget\" data-widget_type=\"image-box.default\">\n\t\t\t\t\t<div class=\"elementor-image-box-wrapper\"><figure class=\"elementor-image-box-img\"><a href=\"#\" tabindex=\"-1\"><img loading=\"lazy\" decoding=\"async\" width=\"289\" height=\"169\" src=\"https:\/\/www.adainsaat.com\/wp-content\/uploads\/2025\/12\/c1rs.webp\" class=\"attachment-full size-full wp-image-30536\" alt=\"\" \/><\/a><\/figure><div class=\"elementor-image-box-content\"><h3 class=\"elementor-image-box-title\"><a href=\"#\">MISIR<\/a><\/h3><p class=\"elementor-image-box-description\">\nADA Construction LLC<\/p><\/div><\/div>\t\t\t\t<\/div>\n\t\t\r\n\t\t\t\t<div class=\"elementor-element elementor-element-575b155 elementor-hidden-desktop elementor-hidden-laptop elementor-hidden-tablet elementor-hidden-mobile elementor-widget elementor-widget-rs-button\" data-id=\"575b155\" data-element_type=\"widget\" data-widget_type=\"rs-button.default\">\n\t\t\t\t<div class=\"elementor-widget-container\">\n\t\t\t\t\t\t\t<div class=\"rs-button style3\">\r\n\t\t\t\t\t\t<a class=\"rs-btn\" href=\"#\" >\t\r\n\t\t\t\t<span>Web sitesini ziyaret et \r\n\t\t\t\t\t\t\t\t<\/span>\r\n\t\t\t<\/a>\r\n\t\t<\/div>\r\n\t\t\t\t<\/div>\n\t\t\t\t<\/div>\n\t\t\t\t<\/div>\n\t\t\t\t\t<\/div>\n\t\t\t\t<\/div>\n\t\t\t\t<\/div>\n\t\t","protected":false},"excerpt":{"rendered":"<p>K\u00fcresel Varl\u0131\u011f\u0131m\u0131z D\u00f6rt \u00fclkede yerel uzmanl\u0131k ve k\u00fcresel standartlarla hizmet veriyoruz Toronto, Kanada Toronto, Kanada Miami, Amerika Birle\u015fik Devletleri Miami, Amerika Birle\u015fik Devletleri \u0130stanbul, T\u00fcrkiye \u0130stanbul, T\u00fcrkiye Kahire, M\u0131s\u0131r Kahire, M\u0131s\u0131r T\u00dcRK\u0130YE ADA \u0130N\u015eAAT Web sitesini ziyaret et AMER\u0130KA B\u0130RLE\u015e\u0130K DEVLETLER\u0130 Pineapple Construction Services Web sitesini ziyaret et KANADA Protechnic Construction Web sitesini ziyaret et&#8230;<\/p>\n","protected":false},"author":1,"featured_media":0,"parent":0,"menu_order":0,"comment_status":"closed","ping_status":"closed","template":"","meta":{"footnotes":""},"class_list":["post-30644","page","type-page","status-publish","hentry"],"_links":{"self":[{"href":"https:\/\/www.adainsaat.com\/index.php\/wp-json\/wp\/v2\/pages\/30644","targetHints":{"allow":["GET"]}}],"collection":[{"href":"https:\/\/www.adainsaat.com\/index.php\/wp-json\/wp\/v2\/pages"}],"about":[{"href":"https:\/\/www.adainsaat.com\/index.php\/wp-json\/wp\/v2\/types\/page"}],"author":[{"embeddable":true,"href":"https:\/\/www.adainsaat.com\/index.php\/wp-json\/wp\/v2\/users\/1"}],"replies":[{"embeddable":true,"href":"https:\/\/www.adainsaat.com\/index.php\/wp-json\/wp\/v2\/comments?post=30644"}],"version-history":[{"count":31,"href":"https:\/\/www.adainsaat.com\/index.php\/wp-json\/wp\/v2\/pages\/30644\/revisions"}],"predecessor-version":[{"id":31024,"href":"https:\/\/www.adainsaat.com\/index.php\/wp-json\/wp\/v2\/pages\/30644\/revisions\/31024"}],"wp:attachment":[{"href":"https:\/\/www.adainsaat.com\/index.php\/wp-json\/wp\/v2\/media?parent=30644"}],"curies":[{"name":"wp","href":"https:\/\/api.w.org\/{rel}","templated":true}]}}